{"id":352,"date":"2025-08-07T06:10:50","date_gmt":"2025-08-07T06:10:50","guid":{"rendered":"https:\/\/ernestcollpintors.com\/inicio\/"},"modified":"2025-10-19T14:10:57","modified_gmt":"2025-10-19T14:10:57","slug":"inicio","status":"publish","type":"page","link":"https:\/\/ernestcollpintors.com\/es\/","title":{"rendered":"Inicio"},"content":{"rendered":"\t\t<div data-elementor-type=\"wp-page\" data-elementor-id=\"352\" class=\"elementor elementor-352 elementor-12\" data-elementor-post-type=\"page\">\n\t\t\t\t<div class=\"elementor-element elementor-element-f593680 e-con-full e-flex e-con e-parent\" data-id=\"f593680\" data-element_type=\"container\" data-e-type=\"container\">\n\t\t<div class=\"elementor-element elementor-element-53cc75c e-con-full elementor-hidden-mobile e-flex e-con e-child\" data-id=\"53cc75c\" data-element_type=\"container\" data-e-type=\"container\">\n\t\t\t\t<div class=\"elementor-element elementor-element-cdf72b5 elementor-widget elementor-widget-image\" data-id=\"cdf72b5\" data-element_type=\"widget\" data-e-type=\"widget\" data-widget_type=\"image.default\">\n\t\t\t\t\t\t\t\t\t\t\t\t\t\t\t<img fetchpriority=\"high\" decoding=\"async\" width=\"387\" height=\"580\" src=\"https:\/\/ernestcollpintors.com\/wp-content\/uploads\/2025\/08\/Img1_home-100.jpg\" class=\"attachment-full size-full wp-image-276\" alt=\"Pintura Industrial Girona\" srcset=\"https:\/\/ernestcollpintors.com\/wp-content\/uploads\/2025\/08\/Img1_home-100.jpg 387w, https:\/\/ernestcollpintors.com\/wp-content\/uploads\/2025\/08\/Img1_home-100-200x300.jpg 200w\" sizes=\"(max-width: 387px) 100vw, 387px\" \/>\t\t\t\t\t\t\t\t\t\t\t\t\t\t\t<\/div>\n\t\t\t\t<\/div>\n\t\t<div class=\"elementor-element elementor-element-fcf3b0b e-con-full e-flex e-con e-child\" data-id=\"fcf3b0b\" data-element_type=\"container\" data-e-type=\"container\">\n\t\t\t\t<div class=\"elementor-element elementor-element-918842c elementor-widget elementor-widget-image\" data-id=\"918842c\" data-element_type=\"widget\" data-e-type=\"widget\" data-widget_type=\"image.default\">\n\t\t\t\t\t\t\t\t\t\t\t\t\t\t\t<img decoding=\"async\" width=\"387\" height=\"580\" src=\"https:\/\/ernestcollpintors.com\/wp-content\/uploads\/2025\/08\/Img2_home-100.jpg\" class=\"attachment-full size-full wp-image-277\" alt=\"Fa\u00e7ana industrial Girona\" srcset=\"https:\/\/ernestcollpintors.com\/wp-content\/uploads\/2025\/08\/Img2_home-100.jpg 387w, https:\/\/ernestcollpintors.com\/wp-content\/uploads\/2025\/08\/Img2_home-100-200x300.jpg 200w\" sizes=\"(max-width: 387px) 100vw, 387px\" \/>\t\t\t\t\t\t\t\t\t\t\t\t\t\t\t<\/div>\n\t\t\t\t<\/div>\n\t\t<div class=\"elementor-element elementor-element-c5cc02d e-con-full e-flex e-con e-child\" data-id=\"c5cc02d\" data-element_type=\"container\" data-e-type=\"container\">\n\t\t\t\t<div class=\"elementor-element elementor-element-1945f3a elementor-widget elementor-widget-image\" data-id=\"1945f3a\" data-element_type=\"widget\" data-e-type=\"widget\" data-widget_type=\"image.default\">\n\t\t\t\t\t\t\t\t\t\t\t\t\t\t\t<img decoding=\"async\" width=\"387\" height=\"580\" src=\"https:\/\/ernestcollpintors.com\/wp-content\/uploads\/2025\/08\/Img3_home-100.jpg\" class=\"attachment-full size-full wp-image-278\" alt=\"Pintors Professionals a Girona\" srcset=\"https:\/\/ernestcollpintors.com\/wp-content\/uploads\/2025\/08\/Img3_home-100.jpg 387w, https:\/\/ernestcollpintors.com\/wp-content\/uploads\/2025\/08\/Img3_home-100-200x300.jpg 200w\" sizes=\"(max-width: 387px) 100vw, 387px\" \/>\t\t\t\t\t\t\t\t\t\t\t\t\t\t\t<\/div>\n\t\t\t\t<\/div>\n\t\t<div class=\"elementor-element elementor-element-9416f35 e-con-full elementor-hidden-mobile e-flex e-con e-child\" data-id=\"9416f35\" data-element_type=\"container\" data-e-type=\"container\">\n\t\t\t\t<div class=\"elementor-element elementor-element-f934942 elementor-widget elementor-widget-image\" data-id=\"f934942\" data-element_type=\"widget\" data-e-type=\"widget\" data-widget_type=\"image.default\">\n\t\t\t\t\t\t\t\t\t\t\t\t\t\t\t<img loading=\"lazy\" decoding=\"async\" width=\"387\" height=\"581\" src=\"https:\/\/ernestcollpintors.com\/wp-content\/uploads\/2025\/08\/Img4_home-100.jpg\" class=\"attachment-full size-full wp-image-279\" alt=\"Pintors Empreses Girona\" srcset=\"https:\/\/ernestcollpintors.com\/wp-content\/uploads\/2025\/08\/Img4_home-100.jpg 387w, https:\/\/ernestcollpintors.com\/wp-content\/uploads\/2025\/08\/Img4_home-100-200x300.jpg 200w\" sizes=\"(max-width: 387px) 100vw, 387px\" \/>\t\t\t\t\t\t\t\t\t\t\t\t\t\t\t<\/div>\n\t\t\t\t<\/div>\n\t\t\t\t<\/div>\n\t\t<div class=\"elementor-element elementor-element-048a6b0 e-con-full e-flex e-con e-parent\" data-id=\"048a6b0\" data-element_type=\"container\" data-e-type=\"container\" data-settings=\"{&quot;background_background&quot;:&quot;classic&quot;}\">\n\t\t\t\t<div class=\"elementor-element elementor-element-f6f10cf elementor-widget elementor-widget-heading\" data-id=\"f6f10cf\" data-element_type=\"widget\" data-e-type=\"widget\" data-widget_type=\"heading.default\">\n\t\t\t\t\t<h1 class=\"elementor-heading-title elementor-size-default\">Empresa de pintura Profesional<\/h1>\t\t\t\t<\/div>\n\t\t\t\t<div class=\"elementor-element elementor-element-5ab51da elementor-widget elementor-widget-heading\" data-id=\"5ab51da\" data-element_type=\"widget\" data-e-type=\"widget\" data-widget_type=\"heading.default\">\n\t\t\t\t\t<h2 class=\"elementor-heading-title elementor-size-default\">Empresa de pintura situada en Girona<\/h2>\t\t\t\t<\/div>\n\t\t\t\t<div class=\"elementor-element elementor-element-8f5441f elementor-widget__width-initial elementor-widget elementor-widget-text-editor\" data-id=\"8f5441f\" data-element_type=\"widget\" data-e-type=\"widget\" data-widget_type=\"text-editor.default\">\n\t\t\t\t\t\t\t\t\t<p>Pintores en Girona \u2013 Ernest Coll Pintores<\/p>\n<p>En Ernest Coll Pintores somos pintores con m\u00e1s de 30 a\u00f1os de experiencia en pintura de casas, pisos, locales comerciales y naves industriales. Adem\u00e1s, ofrecemos un servicio profesional, limpio y r\u00e1pido, utilizando materiales de primera calidad y acabados duraderos. Nos caracteriza la seriedad, la puntualidad y la atenci\u00f3n personalizada.<\/p>\n<p>Nuestros pintores profesionales en Girona te ayudar\u00e1n a dar nueva vida a tus paredes con asesoramiento personalizado en colores, texturas y tipos de pintura. Nos adaptamos a cada proyecto, grande o peque\u00f1o, y garantizamos resultados que superan las expectativas de nuestros clientes.<\/p>\n<p>Por lo tanto, puedes confiar en nosotros para cualquier tipo de trabajo de pintura.<\/p>\n\t\t\t\t\t\t\t\t<\/div>\n\t\t\t\t<\/div>\n\t\t<div class=\"elementor-element elementor-element-f74f1ec e-con-full e-flex e-con e-parent\" data-id=\"f74f1ec\" data-element_type=\"container\" data-e-type=\"container\" data-settings=\"{&quot;background_background&quot;:&quot;classic&quot;}\">\n\t\t<div class=\"elementor-element elementor-element-dba05d9 e-con-full e-flex e-con e-child\" data-id=\"dba05d9\" data-element_type=\"container\" data-e-type=\"container\">\n\t\t\t\t<div class=\"elementor-element elementor-element-7a38448 elementor-widget elementor-widget-heading\" data-id=\"7a38448\" data-element_type=\"widget\" data-e-type=\"widget\" data-widget_type=\"heading.default\">\n\t\t\t\t\t<h3 class=\"elementor-heading-title elementor-size-default\">TRABAJOS DE PINTURA EN GIRONA PARA EMPRESAS<\/h3>\t\t\t\t<\/div>\n\t\t\t\t<div class=\"elementor-element elementor-element-7c2a5fe elementor-widget__width-initial elementor-widget elementor-widget-text-editor\" data-id=\"7c2a5fe\" data-element_type=\"widget\" data-e-type=\"widget\" data-widget_type=\"text-editor.default\">\n\t\t\t\t\t\t\t\t\t<p>Realizamos servicios de pintura industrial y comercial para oficinas, almacenes, naves o locales. Adem\u00e1s, tambi\u00e9n trabajamos para empresas que necesitan mantenimiento peri\u00f3dico o renovaci\u00f3n de espacios.<\/p>\n<p>Nos encargamos de la preparaci\u00f3n de superficies, la aplicaci\u00f3n de pintura y los acabados finales. Trabajamos con productos de calidad, asegurando una gran resistencia y una imagen impecable para tu negocio.<\/p>\n\t\t\t\t\t\t\t\t<\/div>\n\t\t\t\t<div class=\"elementor-element elementor-element-75046aa elementor-widget elementor-widget-button\" data-id=\"75046aa\" data-element_type=\"widget\" data-e-type=\"widget\" data-widget_type=\"button.default\">\n\t\t\t\t\t\t\t\t\t\t<a class=\"elementor-button elementor-button-link elementor-size-sm\" href=\"https:\/\/ernestcollpintors.com\/es\/industriales\/\">\n\t\t\t\t\t\t<span class=\"elementor-button-content-wrapper\">\n\t\t\t\t\t\t\t\t\t<span class=\"elementor-button-text\">INDUSTRIALES<\/span>\n\t\t\t\t\t<\/span>\n\t\t\t\t\t<\/a>\n\t\t\t\t\t\t\t\t<\/div>\n\t\t\t\t<\/div>\n\t\t<div class=\"elementor-element elementor-element-3739c63 e-con-full e-flex e-con e-child\" data-id=\"3739c63\" data-element_type=\"container\" data-e-type=\"container\">\n\t\t<div class=\"elementor-element elementor-element-25febad e-con-full e-flex e-con e-child\" data-id=\"25febad\" data-element_type=\"container\" data-e-type=\"container\">\n\t\t\t\t<div class=\"elementor-element elementor-element-b9e81a9 elementor-widget elementor-widget-image\" data-id=\"b9e81a9\" data-element_type=\"widget\" data-e-type=\"widget\" data-widget_type=\"image.default\">\n\t\t\t\t\t\t\t\t\t\t\t\t\t\t\t<img loading=\"lazy\" decoding=\"async\" width=\"800\" height=\"1200\" src=\"https:\/\/ernestcollpintors.com\/wp-content\/uploads\/2025\/08\/ernes-coll.gros-mercat.jpg\" class=\"attachment-full size-full wp-image-334\" alt=\"Pintar fa\u00e7ana Girona\" srcset=\"https:\/\/ernestcollpintors.com\/wp-content\/uploads\/2025\/08\/ernes-coll.gros-mercat.jpg 800w, https:\/\/ernestcollpintors.com\/wp-content\/uploads\/2025\/08\/ernes-coll.gros-mercat-200x300.jpg 200w, https:\/\/ernestcollpintors.com\/wp-content\/uploads\/2025\/08\/ernes-coll.gros-mercat-683x1024.jpg 683w, https:\/\/ernestcollpintors.com\/wp-content\/uploads\/2025\/08\/ernes-coll.gros-mercat-768x1152.jpg 768w\" sizes=\"(max-width: 800px) 100vw, 800px\" \/>\t\t\t\t\t\t\t\t\t\t\t\t\t\t\t<\/div>\n\t\t\t\t<\/div>\n\t\t<div class=\"elementor-element elementor-element-6b09eca e-con-full e-flex e-con e-child\" data-id=\"6b09eca\" data-element_type=\"container\" data-e-type=\"container\">\n\t\t\t\t<div class=\"elementor-element elementor-element-95f173a elementor-widget elementor-widget-image\" data-id=\"95f173a\" data-element_type=\"widget\" data-e-type=\"widget\" data-widget_type=\"image.default\">\n\t\t\t\t\t\t\t\t\t\t\t\t\t\t\t<img loading=\"lazy\" decoding=\"async\" width=\"800\" height=\"1200\" src=\"https:\/\/ernestcollpintors.com\/wp-content\/uploads\/2025\/08\/ernest-coll-22.jpg\" class=\"attachment-full size-full wp-image-335\" alt=\"Pintura Coberta Girona\" srcset=\"https:\/\/ernestcollpintors.com\/wp-content\/uploads\/2025\/08\/ernest-coll-22.jpg 800w, https:\/\/ernestcollpintors.com\/wp-content\/uploads\/2025\/08\/ernest-coll-22-200x300.jpg 200w, https:\/\/ernestcollpintors.com\/wp-content\/uploads\/2025\/08\/ernest-coll-22-683x1024.jpg 683w, https:\/\/ernestcollpintors.com\/wp-content\/uploads\/2025\/08\/ernest-coll-22-768x1152.jpg 768w\" sizes=\"(max-width: 800px) 100vw, 800px\" \/>\t\t\t\t\t\t\t\t\t\t\t\t\t\t\t<\/div>\n\t\t\t\t<\/div>\n\t\t\t\t<\/div>\n\t\t\t\t<\/div>\n\t\t<div class=\"elementor-element elementor-element-582821f e-con-full e-flex e-con e-parent\" data-id=\"582821f\" data-element_type=\"container\" data-e-type=\"container\" data-settings=\"{&quot;background_background&quot;:&quot;classic&quot;}\">\n\t\t<div class=\"elementor-element elementor-element-831dd1d e-con-full e-flex e-con e-child\" data-id=\"831dd1d\" data-element_type=\"container\" data-e-type=\"container\">\n\t\t<div class=\"elementor-element elementor-element-8768325 e-con-full e-flex e-con e-child\" data-id=\"8768325\" data-element_type=\"container\" data-e-type=\"container\">\n\t\t\t\t<div class=\"elementor-element elementor-element-447b868 elementor-widget elementor-widget-image\" data-id=\"447b868\" data-element_type=\"widget\" data-e-type=\"widget\" data-widget_type=\"image.default\">\n\t\t\t\t\t\t\t\t\t\t\t\t\t\t\t<img loading=\"lazy\" decoding=\"async\" width=\"800\" height=\"1200\" src=\"https:\/\/ernestcollpintors.com\/wp-content\/uploads\/2025\/08\/ernest-coll-casa-1.jpg\" class=\"attachment-full size-full wp-image-336\" alt=\"Pintura Interior Girona\" srcset=\"https:\/\/ernestcollpintors.com\/wp-content\/uploads\/2025\/08\/ernest-coll-casa-1.jpg 800w, https:\/\/ernestcollpintors.com\/wp-content\/uploads\/2025\/08\/ernest-coll-casa-1-200x300.jpg 200w, https:\/\/ernestcollpintors.com\/wp-content\/uploads\/2025\/08\/ernest-coll-casa-1-683x1024.jpg 683w, https:\/\/ernestcollpintors.com\/wp-content\/uploads\/2025\/08\/ernest-coll-casa-1-768x1152.jpg 768w\" sizes=\"(max-width: 800px) 100vw, 800px\" \/>\t\t\t\t\t\t\t\t\t\t\t\t\t\t\t<\/div>\n\t\t\t\t<\/div>\n\t\t<div class=\"elementor-element elementor-element-5c4c3f3 e-con-full e-flex e-con e-child\" data-id=\"5c4c3f3\" data-element_type=\"container\" data-e-type=\"container\">\n\t\t\t\t<div class=\"elementor-element elementor-element-cd05d3a elementor-widget elementor-widget-image\" data-id=\"cd05d3a\" data-element_type=\"widget\" data-e-type=\"widget\" data-widget_type=\"image.default\">\n\t\t\t\t\t\t\t\t\t\t\t\t\t\t\t<img loading=\"lazy\" decoding=\"async\" width=\"683\" height=\"1024\" src=\"https:\/\/ernestcollpintors.com\/wp-content\/uploads\/2025\/08\/ernest-collcasa-683x1024.jpg\" class=\"attachment-large size-large wp-image-337\" alt=\"Pintura Exterior Girona\" srcset=\"https:\/\/ernestcollpintors.com\/wp-content\/uploads\/2025\/08\/ernest-collcasa-683x1024.jpg 683w, https:\/\/ernestcollpintors.com\/wp-content\/uploads\/2025\/08\/ernest-collcasa-200x300.jpg 200w, https:\/\/ernestcollpintors.com\/wp-content\/uploads\/2025\/08\/ernest-collcasa-768x1152.jpg 768w, https:\/\/ernestcollpintors.com\/wp-content\/uploads\/2025\/08\/ernest-collcasa.jpg 800w\" sizes=\"(max-width: 683px) 100vw, 683px\" \/>\t\t\t\t\t\t\t\t\t\t\t\t\t\t\t<\/div>\n\t\t\t\t<\/div>\n\t\t\t\t<\/div>\n\t\t<div class=\"elementor-element elementor-element-0ce904a e-con-full e-flex e-con e-child\" data-id=\"0ce904a\" data-element_type=\"container\" data-e-type=\"container\">\n\t\t\t\t<div class=\"elementor-element elementor-element-a43fabe elementor-widget elementor-widget-heading\" data-id=\"a43fabe\" data-element_type=\"widget\" data-e-type=\"widget\" data-widget_type=\"heading.default\">\n\t\t\t\t\t<h3 class=\"elementor-heading-title elementor-size-default\">TRABAJOS DE PINTURA EN GIRONA PARA VIVIENDAS Y PARTICULARES<\/h3>\t\t\t\t<\/div>\n\t\t\t\t<div class=\"elementor-element elementor-element-418517d elementor-widget__width-initial elementor-widget elementor-widget-text-editor\" data-id=\"418517d\" data-element_type=\"widget\" data-e-type=\"widget\" data-widget_type=\"text-editor.default\">\n\t\t\t\t\t\t\t\t\t<p>Trabajamos en todo tipo de viviendas: pisos, casas unifamiliares y comunidades de vecinos. As\u00ed pues, ofrecemos pintura interior y exterior, reparaciones y alisado de paredes, as\u00ed como tratamientos especiales e impermeabilizaciones. Si buscas pintores de confianza, somos tu mejor opci\u00f3n.<\/p>\n\t\t\t\t\t\t\t\t<\/div>\n\t\t\t\t<div class=\"elementor-element elementor-element-2e9d1b9 elementor-widget elementor-widget-button\" data-id=\"2e9d1b9\" data-element_type=\"widget\" data-e-type=\"widget\" data-widget_type=\"button.default\">\n\t\t\t\t\t\t\t\t\t\t<a class=\"elementor-button elementor-button-link elementor-size-sm\" href=\"https:\/\/ernestcollpintors.com\/es\/residenciales\/\">\n\t\t\t\t\t\t<span class=\"elementor-button-content-wrapper\">\n\t\t\t\t\t\t\t\t\t<span class=\"elementor-button-text\">PARTICULARES<\/span>\n\t\t\t\t\t<\/span>\n\t\t\t\t\t<\/a>\n\t\t\t\t\t\t\t\t<\/div>\n\t\t\t\t<\/div>\n\t\t\t\t<\/div>\n\t\t<div class=\"elementor-element elementor-element-1afc172 e-con-full e-flex e-con e-parent\" data-id=\"1afc172\" data-element_type=\"container\" data-e-type=\"container\" data-settings=\"{&quot;background_background&quot;:&quot;classic&quot;}\">\n\t\t\t\t<div class=\"elementor-element elementor-element-3891e4d elementor-widget elementor-widget-heading\" data-id=\"3891e4d\" data-element_type=\"widget\" data-e-type=\"widget\" data-widget_type=\"heading.default\">\n\t\t\t\t\t<h2 class=\"elementor-heading-title elementor-size-default\">Por qu\u00e9 elegir a Ernest Coll Pintores<\/h2>\t\t\t\t<\/div>\n\t\t\t\t<div class=\"elementor-element elementor-element-d9115b5 elementor-widget__width-initial elementor-widget elementor-widget-text-editor\" data-id=\"d9115b5\" data-element_type=\"widget\" data-e-type=\"widget\" data-widget_type=\"text-editor.default\">\n\t\t\t\t\t\t\t\t\t<p>En Ernest Coll Pintores trabajamos en toda la provincia de Girona, ofreciendo soluciones adaptadas a cada cliente. Nos encargamos de todo el proceso \u2014desde la preparaci\u00f3n hasta el acabado final\u2014 con resultados profesionales y duraderos. Finalmente, la satisfacci\u00f3n de nuestros clientes es nuestra mejor garant\u00eda.<\/p>\n<p>Trabajamos con pinturas de calidad y seguimos las recomendaciones del Gremi de Pintors de Girona, garantizando resultados profesionales y duraderos.<\/p>\n<p>Contacta con nosotros en el 698 344 121 o escr\u00edbenos a <a href=\"mailto:ecollpintors@gmail.com\">ecollpintors@gmail.com<\/a> para solicitar un presupuesto sin compromiso.<\/p>\n\t\t\t\t\t\t\t\t<\/div>\n\t\t\t\t<\/div>\n\t\t\t\t<\/div>\n\t\t","protected":false},"excerpt":{"rendered":"<p>Empresa de pintura Profesional Empresa de pintura situada en Girona Pintores en Girona \u2013 Ernest Coll Pintores En Ernest Coll Pintores somos pintores con m\u00e1s de 30 a\u00f1os de experiencia en pintura de casas, pisos, locales comerciales y naves industriales. Adem\u00e1s, ofrecemos un servicio profesional, limpio y r\u00e1pido, utilizando materiales de primera calidad y acabados [&hellip;]<\/p>\n","protected":false},"author":1,"featured_media":0,"parent":0,"menu_order":0,"comment_status":"closed","ping_status":"closed","template":"elementor_header_footer","meta":{"inline_featured_image":false,"footnotes":""},"class_list":["post-352","page","type-page","status-publish","hentry"],"yoast_head":"<!-- This site is optimized with the Yoast SEO plugin v27.0 - https:\/\/yoast.com\/product\/yoast-seo-wordpress\/ -->\n<title>Pintores en Girona - Ernest Coll | Pintura para casas, pisos y empresas<\/title>\n<meta name=\"description\" content=\"Pintores en Girona con m\u00e1s de 30 a\u00f1os de experiencia. Especialistas en pintura para casas, pisos y pintura industrial. Presupuesto sin compromiso.\" \/>\n<meta name=\"robots\" content=\"index, follow, max-snippet:-1, max-image-preview:large, max-video-preview:-1\" \/>\n<link rel=\"canonical\" href=\"https:\/\/ernestcollpintors.com\/es\/\" \/>\n<meta property=\"og:locale\" content=\"es_ES\" \/>\n<meta property=\"og:type\" content=\"article\" \/>\n<meta property=\"og:title\" content=\"Pintores en Girona - Ernest Coll | Pintura para casas, pisos y empresas\" \/>\n<meta property=\"og:description\" content=\"Pintores en Girona con m\u00e1s de 30 a\u00f1os de experiencia. Especialistas en pintura para casas, pisos y pintura industrial. Presupuesto sin compromiso.\" \/>\n<meta property=\"og:url\" content=\"https:\/\/ernestcollpintors.com\/es\/\" \/>\n<meta property=\"og:site_name\" content=\"ernestcollpintors.com\" \/>\n<meta property=\"article:modified_time\" content=\"2025-10-19T14:10:57+00:00\" \/>\n<meta property=\"og:image\" content=\"https:\/\/ernestcollpintors.com\/wp-content\/uploads\/2025\/08\/Img1_home-100.jpg\" \/>\n\t<meta property=\"og:image:width\" content=\"387\" \/>\n\t<meta property=\"og:image:height\" content=\"580\" \/>\n\t<meta property=\"og:image:type\" content=\"image\/jpeg\" \/>\n<meta name=\"twitter:card\" content=\"summary_large_image\" \/>\n<meta name=\"twitter:label1\" content=\"Tiempo de lectura\" \/>\n\t<meta name=\"twitter:data1\" content=\"2 minutos\" \/>\n<script type=\"application\/ld+json\" class=\"yoast-schema-graph\">{\"@context\":\"https:\/\/schema.org\",\"@graph\":[{\"@type\":\"WebPage\",\"@id\":\"https:\/\/ernestcollpintors.com\/es\/\",\"url\":\"https:\/\/ernestcollpintors.com\/es\/\",\"name\":\"Pintores en Girona - Ernest Coll | Pintura para casas, pisos y empresas\",\"isPartOf\":{\"@id\":\"https:\/\/ernestcollpintors.com\/es\/#website\"},\"primaryImageOfPage\":{\"@id\":\"https:\/\/ernestcollpintors.com\/es\/#primaryimage\"},\"image\":{\"@id\":\"https:\/\/ernestcollpintors.com\/es\/#primaryimage\"},\"thumbnailUrl\":\"https:\/\/ernestcollpintors.com\/wp-content\/uploads\/2025\/08\/Img1_home-100.jpg\",\"datePublished\":\"2025-08-07T06:10:50+00:00\",\"dateModified\":\"2025-10-19T14:10:57+00:00\",\"description\":\"Pintores en Girona con m\u00e1s de 30 a\u00f1os de experiencia. Especialistas en pintura para casas, pisos y pintura industrial. Presupuesto sin compromiso.\",\"breadcrumb\":{\"@id\":\"https:\/\/ernestcollpintors.com\/es\/#breadcrumb\"},\"inLanguage\":\"es\",\"potentialAction\":[{\"@type\":\"ReadAction\",\"target\":[\"https:\/\/ernestcollpintors.com\/es\/\"]}]},{\"@type\":\"ImageObject\",\"inLanguage\":\"es\",\"@id\":\"https:\/\/ernestcollpintors.com\/es\/#primaryimage\",\"url\":\"https:\/\/ernestcollpintors.com\/wp-content\/uploads\/2025\/08\/Img1_home-100.jpg\",\"contentUrl\":\"https:\/\/ernestcollpintors.com\/wp-content\/uploads\/2025\/08\/Img1_home-100.jpg\"},{\"@type\":\"BreadcrumbList\",\"@id\":\"https:\/\/ernestcollpintors.com\/es\/#breadcrumb\",\"itemListElement\":[{\"@type\":\"ListItem\",\"position\":1,\"name\":\"Inici\",\"item\":\"https:\/\/ernestcollpintors.com\/es\/\"},{\"@type\":\"ListItem\",\"position\":2,\"name\":\"Inicio\"}]},{\"@type\":\"WebSite\",\"@id\":\"https:\/\/ernestcollpintors.com\/es\/#website\",\"url\":\"https:\/\/ernestcollpintors.com\/es\/\",\"name\":\"ernestcollpintors.com\",\"description\":\"Empresa de pintura situada a Girona\",\"publisher\":{\"@id\":\"https:\/\/ernestcollpintors.com\/es\/#organization\"},\"potentialAction\":[{\"@type\":\"SearchAction\",\"target\":{\"@type\":\"EntryPoint\",\"urlTemplate\":\"https:\/\/ernestcollpintors.com\/es\/?s={search_term_string}\"},\"query-input\":{\"@type\":\"PropertyValueSpecification\",\"valueRequired\":true,\"valueName\":\"search_term_string\"}}],\"inLanguage\":\"es\"},{\"@type\":\"Organization\",\"@id\":\"https:\/\/ernestcollpintors.com\/es\/#organization\",\"name\":\"ernestcollpintors.com\",\"url\":\"https:\/\/ernestcollpintors.com\/es\/\",\"logo\":{\"@type\":\"ImageObject\",\"inLanguage\":\"es\",\"@id\":\"https:\/\/ernestcollpintors.com\/es\/#\/schema\/logo\/image\/\",\"url\":\"https:\/\/ernestcollpintors.com\/wp-content\/uploads\/2025\/08\/favicon-ernest.png\",\"contentUrl\":\"https:\/\/ernestcollpintors.com\/wp-content\/uploads\/2025\/08\/favicon-ernest.png\",\"width\":512,\"height\":512,\"caption\":\"ernestcollpintors.com\"},\"image\":{\"@id\":\"https:\/\/ernestcollpintors.com\/es\/#\/schema\/logo\/image\/\"}}]}<\/script>\n<!-- \/ Yoast SEO plugin. -->","yoast_head_json":{"title":"Pintores en Girona - Ernest Coll | Pintura para casas, pisos y empresas","description":"Pintores en Girona con m\u00e1s de 30 a\u00f1os de experiencia. Especialistas en pintura para casas, pisos y pintura industrial. Presupuesto sin compromiso.","robots":{"index":"index","follow":"follow","max-snippet":"max-snippet:-1","max-image-preview":"max-image-preview:large","max-video-preview":"max-video-preview:-1"},"canonical":"https:\/\/ernestcollpintors.com\/es\/","og_locale":"es_ES","og_type":"article","og_title":"Pintores en Girona - Ernest Coll | Pintura para casas, pisos y empresas","og_description":"Pintores en Girona con m\u00e1s de 30 a\u00f1os de experiencia. Especialistas en pintura para casas, pisos y pintura industrial. Presupuesto sin compromiso.","og_url":"https:\/\/ernestcollpintors.com\/es\/","og_site_name":"ernestcollpintors.com","article_modified_time":"2025-10-19T14:10:57+00:00","og_image":[{"width":387,"height":580,"url":"https:\/\/ernestcollpintors.com\/wp-content\/uploads\/2025\/08\/Img1_home-100.jpg","type":"image\/jpeg"}],"twitter_card":"summary_large_image","twitter_misc":{"Tiempo de lectura":"2 minutos"},"schema":{"@context":"https:\/\/schema.org","@graph":[{"@type":"WebPage","@id":"https:\/\/ernestcollpintors.com\/es\/","url":"https:\/\/ernestcollpintors.com\/es\/","name":"Pintores en Girona - Ernest Coll | Pintura para casas, pisos y empresas","isPartOf":{"@id":"https:\/\/ernestcollpintors.com\/es\/#website"},"primaryImageOfPage":{"@id":"https:\/\/ernestcollpintors.com\/es\/#primaryimage"},"image":{"@id":"https:\/\/ernestcollpintors.com\/es\/#primaryimage"},"thumbnailUrl":"https:\/\/ernestcollpintors.com\/wp-content\/uploads\/2025\/08\/Img1_home-100.jpg","datePublished":"2025-08-07T06:10:50+00:00","dateModified":"2025-10-19T14:10:57+00:00","description":"Pintores en Girona con m\u00e1s de 30 a\u00f1os de experiencia. Especialistas en pintura para casas, pisos y pintura industrial. Presupuesto sin compromiso.","breadcrumb":{"@id":"https:\/\/ernestcollpintors.com\/es\/#breadcrumb"},"inLanguage":"es","potentialAction":[{"@type":"ReadAction","target":["https:\/\/ernestcollpintors.com\/es\/"]}]},{"@type":"ImageObject","inLanguage":"es","@id":"https:\/\/ernestcollpintors.com\/es\/#primaryimage","url":"https:\/\/ernestcollpintors.com\/wp-content\/uploads\/2025\/08\/Img1_home-100.jpg","contentUrl":"https:\/\/ernestcollpintors.com\/wp-content\/uploads\/2025\/08\/Img1_home-100.jpg"},{"@type":"BreadcrumbList","@id":"https:\/\/ernestcollpintors.com\/es\/#breadcrumb","itemListElement":[{"@type":"ListItem","position":1,"name":"Inici","item":"https:\/\/ernestcollpintors.com\/es\/"},{"@type":"ListItem","position":2,"name":"Inicio"}]},{"@type":"WebSite","@id":"https:\/\/ernestcollpintors.com\/es\/#website","url":"https:\/\/ernestcollpintors.com\/es\/","name":"ernestcollpintors.com","description":"Empresa de pintura situada a Girona","publisher":{"@id":"https:\/\/ernestcollpintors.com\/es\/#organization"},"potentialAction":[{"@type":"SearchAction","target":{"@type":"EntryPoint","urlTemplate":"https:\/\/ernestcollpintors.com\/es\/?s={search_term_string}"},"query-input":{"@type":"PropertyValueSpecification","valueRequired":true,"valueName":"search_term_string"}}],"inLanguage":"es"},{"@type":"Organization","@id":"https:\/\/ernestcollpintors.com\/es\/#organization","name":"ernestcollpintors.com","url":"https:\/\/ernestcollpintors.com\/es\/","logo":{"@type":"ImageObject","inLanguage":"es","@id":"https:\/\/ernestcollpintors.com\/es\/#\/schema\/logo\/image\/","url":"https:\/\/ernestcollpintors.com\/wp-content\/uploads\/2025\/08\/favicon-ernest.png","contentUrl":"https:\/\/ernestcollpintors.com\/wp-content\/uploads\/2025\/08\/favicon-ernest.png","width":512,"height":512,"caption":"ernestcollpintors.com"},"image":{"@id":"https:\/\/ernestcollpintors.com\/es\/#\/schema\/logo\/image\/"}}]}},"_links":{"self":[{"href":"https:\/\/ernestcollpintors.com\/es\/wp-json\/wp\/v2\/pages\/352","targetHints":{"allow":["GET"]}}],"collection":[{"href":"https:\/\/ernestcollpintors.com\/es\/wp-json\/wp\/v2\/pages"}],"about":[{"href":"https:\/\/ernestcollpintors.com\/es\/wp-json\/wp\/v2\/types\/page"}],"author":[{"embeddable":true,"href":"https:\/\/ernestcollpintors.com\/es\/wp-json\/wp\/v2\/users\/1"}],"replies":[{"embeddable":true,"href":"https:\/\/ernestcollpintors.com\/es\/wp-json\/wp\/v2\/comments?post=352"}],"version-history":[{"count":2,"href":"https:\/\/ernestcollpintors.com\/es\/wp-json\/wp\/v2\/pages\/352\/revisions"}],"predecessor-version":[{"id":402,"href":"https:\/\/ernestcollpintors.com\/es\/wp-json\/wp\/v2\/pages\/352\/revisions\/402"}],"wp:attachment":[{"href":"https:\/\/ernestcollpintors.com\/es\/wp-json\/wp\/v2\/media?parent=352"}],"curies":[{"name":"wp","href":"https:\/\/api.w.org\/{rel}","templated":true}]}}